{"id":1623,"date":"2024-02-27T15:45:23","date_gmt":"2024-02-27T13:45:23","guid":{"rendered":"https:\/\/movingexcellence.eu\/muugitingimused\/"},"modified":"2024-02-27T20:25:05","modified_gmt":"2024-02-27T18:25:05","slug":"muugitingimused","status":"publish","type":"page","link":"https:\/\/movingexcellence.eu\/et\/muugitingimused\/","title":{"rendered":"M\u00fc\u00fcgitingimused"},"content":{"rendered":"\n<p>Movingexcellence E-Pood (edaspidi Veebipood) omanik on Movingexcellence O\u00dc (registrikood 16924077) asukohaga Vilde tee 102-81, Tallinn 12915. Veebipoe asukoha aadressilt kaupa ei v\u00e4ljastata.<\/p>\n\n\n\n<p><strong>M\u00fc\u00fcgilepingu kehtivus, kauba- ja hinnainfo<\/strong><\/p>\n\n\n\n<p>M\u00fc\u00fcgitingimused kehtivad Veebipoest joogatunni broneerimisel, kus hinnad on m\u00e4rgitud broneeringute juurde. <\/p>\n\n\n\n<p><strong>Tellimuse vormistamine<\/strong><\/p>\n\n\n\n<p>Joogatunni broneerimiseks tuleb lisada soovitud tund ostukorvi. T\u00e4ida tellimuse vormistamiseks n\u00f5utud andmev\u00e4ljad. Seej\u00e4rel kuvatakse ekraanile tasu suurus, mille saab tasuda pangalingi kaudu v\u00f5i muu makselahenduse abil. Leping j\u00f5ustub alates tasumisele kuuluva summa laekumisest Veebipoe arvelduskontole. <\/p>\n\n\n\n<p>Makse laekumisel reserveeritakse koht ja klient lisatakse osalejate nimekirja.<\/p>\n\n\n\n<p><\/p>\n\n\n\n<p><\/p>\n\n\n\n<p><strong>Taganemis\u00f5igus<\/strong><\/p>\n\n\n\n<p>P\u00e4rast teenuse tellimist ja tasumist on ostjal \u00f5igus lepingust taganeda v\u00e4ga m\u00f5juvatel p\u00f5hjustel (t\u00f5endades seda) v\u00f5i kasutada teenust j\u00e4rgneva 30 p\u00e4eva jooksul kokkuleppel teenuse osutajaga. Taganemis\u00f5igus ei kohaldu juriidilisele iskule ega juhul, kui klient sai seda teenuse tellimise hetkest kasutama asuda (nt. saadetud\/aktiveeritud videokoolitusele juurdep\u00e4\u00e4su link).<\/p>\n\n\n\n<p><\/p>\n\n\n\n<p>Teenusest taganemiseks tuleb esitada avaldus, mille vormi leiab siit: taganemisavaldus ning saata see e-posti aadressile &#x69;n&#x66;&#111;&#x40;&#109;o&#x76;i&#x6e;&#103;&#x65;&#120;c&#x65;&#108;&#x6c;&#101;n&#x63;e&#x2e;&#101;&#x75; enne teenuse toimumist.<\/p>\n\n\n\n<p><\/p>\n\n\n\n<p><strong>Pretensiooni esitamise \u00f5igus<\/strong><\/p>\n\n\n\n<p>Veebipood vastab tarbija esitatud kaebusele kirjalikult v\u00f5i kirjalikku taasesitamist v\u00f5imaldavas vormis 15 p\u00e4eva jooksul.<\/p>\n\n\n\n<p><strong>Otseturustus ja isikuandmete t\u00f6\u00f6tlemine<\/strong><\/p>\n\n\n\n<p>Veebipood kasutab ostja poolt sisestatud isikuandmeid (sh nimi, telefoninumber, e-maili aadress) ainult tellimuse t\u00f6\u00f6tlemiseks ning joogatunni broneerimiseks ja meeldetuletuse saatmiseks v\u00f5i digitaalse teenuse saatmiseks. <\/p>\n\n\n\n<p>Veebipood saadab ostjale uudiskirju ning pakkumisi ostja e-maili aadressile ainult juhul, kui ostja on selleks avaldanud soovi sisestades veebilehel e-kirja aadressi ning andnud teada oma soovist otsepostituse teadete saamiseks. Ostjal on igal ajal v\u00f5imalik loobuda e-postile saadetavatest pakkumistest ja uudiskirjadest andes sellest meile teada e-kirja teel v\u00f5i j\u00e4rgides pakkumisi sisaldava e-kirjas toodud juhiseid.<\/p>\n\n\n\n<p><strong>Vaidluste lahendamine<\/strong><\/p>\n\n\n\n<p>Kui ostjal on Veebipoe osas pretensioone, tuleb need saata e-kirja aadressile &#x69;&#x6e;&#x66;&#x6f;&#x40;&#x6d;&#x6f;&#x76;&#105;&#110;&#103;&#101;&#120;&#99;&#101;llen&#x63;&#x65;&#x2e;&#x65;&#x75;. Kui ostja ja Veebipood ei suuda lahenda vaidlust kokkuleppe teel, siis on ostjal v\u00f5imalik p\u00f6\u00f6rduda Tarbijavaidluste komisjoni poole.<\/p>\n\n\n\n<p>Tarbijavaidluste komisjoni p\u00e4devuses on lahendada ostja ja Veebipoe vahel s\u00f5lmitud lepingust tulenevaid vaidlusi. Ostja kaebuse l\u00e4bivaatamine komisjonis on tasuta. Ostja v\u00f5ib p\u00f6\u00f6rduda Euroopa Liidu tarbijavaidlusi lahendava platvormi poole.<\/p>\n","protected":false},"excerpt":{"rendered":"<p>Movingexcellence E-Pood (edaspidi Veebipood) omanik on Movingexcellence O\u00dc (registrikood 16924077) asukohaga Vilde tee 102-81, Tallinn 12915. Veebipoe asukoha aadressilt kaupa ei v\u00e4ljastata. M\u00fc\u00fcgilepingu kehtivus, kauba- ja hinnainfo M\u00fc\u00fcgitingimused kehtivad Veebipoest joogatunni broneerimisel, kus hinnad on m\u00e4rgitud broneeringute juurde. Tellimuse vormistamine Joogatunni broneerimiseks tuleb lisada soovitud tund ostukorvi. T\u00e4ida tellimuse vormistamiseks n\u00f5utud andmev\u00e4ljad. Seej\u00e4rel kuvatakse ekraanile [&hellip;]<\/p>\n","protected":false},"author":2,"featured_media":0,"parent":0,"menu_order":0,"comment_status":"closed","ping_status":"closed","template":"","meta":{"_uag_custom_page_level_css":"","footnotes":""},"class_list":["post-1623","page","type-page","status-publish","hentry"],"yoast_head":"<!-- This site is optimized with the Yoast SEO plugin v27.3 - https:\/\/yoast.com\/product\/yoast-seo-wordpress\/ -->\n<title>M\u00fc\u00fcgitingimused - Movingexcellence<\/title>\n<meta name=\"robots\" content=\"index, follow, max-snippet:-1, max-image-preview:large, max-video-preview:-1\" \/>\n<link rel=\"canonical\" href=\"https:\/\/movingexcellence.eu\/et\/muugitingimused\/\" \/>\n<meta property=\"og:locale\" content=\"et_EE\" \/>\n<meta property=\"og:type\" content=\"article\" \/>\n<meta property=\"og:title\" content=\"M\u00fc\u00fcgitingimused - Movingexcellence\" \/>\n<meta property=\"og:description\" content=\"Movingexcellence E-Pood (edaspidi Veebipood) omanik on Movingexcellence O\u00dc (registrikood 16924077) asukohaga Vilde tee 102-81, Tallinn 12915. Veebipoe asukoha aadressilt kaupa ei v\u00e4ljastata. M\u00fc\u00fcgilepingu kehtivus, kauba- ja hinnainfo M\u00fc\u00fcgitingimused kehtivad Veebipoest joogatunni broneerimisel, kus hinnad on m\u00e4rgitud broneeringute juurde. Tellimuse vormistamine Joogatunni broneerimiseks tuleb lisada soovitud tund ostukorvi. T\u00e4ida tellimuse vormistamiseks n\u00f5utud andmev\u00e4ljad. Seej\u00e4rel kuvatakse ekraanile [&hellip;]\" \/>\n<meta property=\"og:url\" content=\"https:\/\/movingexcellence.eu\/et\/muugitingimused\/\" \/>\n<meta property=\"og:site_name\" content=\"Movingexcellence\" \/>\n<meta property=\"article:modified_time\" content=\"2024-02-27T18:25:05+00:00\" \/>\n<meta name=\"twitter:card\" content=\"summary_large_image\" \/>\n<meta name=\"twitter:label1\" content=\"Est. reading time\" \/>\n\t<meta name=\"twitter:data1\" content=\"2 minutit\" \/>\n<script type=\"application\/ld+json\" class=\"yoast-schema-graph\">{\"@context\":\"https:\\\/\\\/schema.org\",\"@graph\":[{\"@type\":\"WebPage\",\"@id\":\"https:\\\/\\\/movingexcellence.eu\\\/et\\\/muugitingimused\\\/\",\"url\":\"https:\\\/\\\/movingexcellence.eu\\\/et\\\/muugitingimused\\\/\",\"name\":\"M\u00fc\u00fcgitingimused - Movingexcellence\",\"isPartOf\":{\"@id\":\"https:\\\/\\\/www.movingexcellence.eu\\\/et\\\/#website\"},\"datePublished\":\"2024-02-27T13:45:23+00:00\",\"dateModified\":\"2024-02-27T18:25:05+00:00\",\"breadcrumb\":{\"@id\":\"https:\\\/\\\/movingexcellence.eu\\\/et\\\/muugitingimused\\\/#breadcrumb\"},\"inLanguage\":\"et\",\"potentialAction\":[{\"@type\":\"ReadAction\",\"target\":[\"https:\\\/\\\/movingexcellence.eu\\\/et\\\/muugitingimused\\\/\"]}]},{\"@type\":\"BreadcrumbList\",\"@id\":\"https:\\\/\\\/movingexcellence.eu\\\/et\\\/muugitingimused\\\/#breadcrumb\",\"itemListElement\":[{\"@type\":\"ListItem\",\"position\":1,\"name\":\"Home\",\"item\":\"https:\\\/\\\/www.movingexcellence.eu\\\/et\\\/\"},{\"@type\":\"ListItem\",\"position\":2,\"name\":\"M\u00fc\u00fcgitingimused\"}]},{\"@type\":\"WebSite\",\"@id\":\"https:\\\/\\\/www.movingexcellence.eu\\\/et\\\/#website\",\"url\":\"https:\\\/\\\/www.movingexcellence.eu\\\/et\\\/\",\"name\":\"Movingexcellence\",\"description\":\"\",\"publisher\":{\"@id\":\"https:\\\/\\\/www.movingexcellence.eu\\\/et\\\/#organization\"},\"potentialAction\":[{\"@type\":\"SearchAction\",\"target\":{\"@type\":\"EntryPoint\",\"urlTemplate\":\"https:\\\/\\\/www.movingexcellence.eu\\\/et\\\/?s={search_term_string}\"},\"query-input\":{\"@type\":\"PropertyValueSpecification\",\"valueRequired\":true,\"valueName\":\"search_term_string\"}}],\"inLanguage\":\"et\"},{\"@type\":\"Organization\",\"@id\":\"https:\\\/\\\/www.movingexcellence.eu\\\/et\\\/#organization\",\"name\":\"Movingexcellence\",\"url\":\"https:\\\/\\\/www.movingexcellence.eu\\\/et\\\/\",\"logo\":{\"@type\":\"ImageObject\",\"inLanguage\":\"et\",\"@id\":\"https:\\\/\\\/www.movingexcellence.eu\\\/et\\\/#\\\/schema\\\/logo\\\/image\\\/\",\"url\":\"https:\\\/\\\/movingexcellence.eu\\\/wp-content\\\/uploads\\\/2020\\\/09\\\/logo-free-img.png\",\"contentUrl\":\"https:\\\/\\\/movingexcellence.eu\\\/wp-content\\\/uploads\\\/2020\\\/09\\\/logo-free-img.png\",\"width\":180,\"height\":60,\"caption\":\"Movingexcellence\"},\"image\":{\"@id\":\"https:\\\/\\\/www.movingexcellence.eu\\\/et\\\/#\\\/schema\\\/logo\\\/image\\\/\"}}]}<\/script>\n<!-- \/ Yoast SEO plugin. -->","yoast_head_json":{"title":"M\u00fc\u00fcgitingimused - Movingexcellence","robots":{"index":"index","follow":"follow","max-snippet":"max-snippet:-1","max-image-preview":"max-image-preview:large","max-video-preview":"max-video-preview:-1"},"canonical":"https:\/\/movingexcellence.eu\/et\/muugitingimused\/","og_locale":"et_EE","og_type":"article","og_title":"M\u00fc\u00fcgitingimused - Movingexcellence","og_description":"Movingexcellence E-Pood (edaspidi Veebipood) omanik on Movingexcellence O\u00dc (registrikood 16924077) asukohaga Vilde tee 102-81, Tallinn 12915. Veebipoe asukoha aadressilt kaupa ei v\u00e4ljastata. M\u00fc\u00fcgilepingu kehtivus, kauba- ja hinnainfo M\u00fc\u00fcgitingimused kehtivad Veebipoest joogatunni broneerimisel, kus hinnad on m\u00e4rgitud broneeringute juurde. Tellimuse vormistamine Joogatunni broneerimiseks tuleb lisada soovitud tund ostukorvi. T\u00e4ida tellimuse vormistamiseks n\u00f5utud andmev\u00e4ljad. Seej\u00e4rel kuvatakse ekraanile [&hellip;]","og_url":"https:\/\/movingexcellence.eu\/et\/muugitingimused\/","og_site_name":"Movingexcellence","article_modified_time":"2024-02-27T18:25:05+00:00","twitter_card":"summary_large_image","twitter_misc":{"Est. reading time":"2 minutit"},"schema":{"@context":"https:\/\/schema.org","@graph":[{"@type":"WebPage","@id":"https:\/\/movingexcellence.eu\/et\/muugitingimused\/","url":"https:\/\/movingexcellence.eu\/et\/muugitingimused\/","name":"M\u00fc\u00fcgitingimused - Movingexcellence","isPartOf":{"@id":"https:\/\/www.movingexcellence.eu\/et\/#website"},"datePublished":"2024-02-27T13:45:23+00:00","dateModified":"2024-02-27T18:25:05+00:00","breadcrumb":{"@id":"https:\/\/movingexcellence.eu\/et\/muugitingimused\/#breadcrumb"},"inLanguage":"et","potentialAction":[{"@type":"ReadAction","target":["https:\/\/movingexcellence.eu\/et\/muugitingimused\/"]}]},{"@type":"BreadcrumbList","@id":"https:\/\/movingexcellence.eu\/et\/muugitingimused\/#breadcrumb","itemListElement":[{"@type":"ListItem","position":1,"name":"Home","item":"https:\/\/www.movingexcellence.eu\/et\/"},{"@type":"ListItem","position":2,"name":"M\u00fc\u00fcgitingimused"}]},{"@type":"WebSite","@id":"https:\/\/www.movingexcellence.eu\/et\/#website","url":"https:\/\/www.movingexcellence.eu\/et\/","name":"Movingexcellence","description":"","publisher":{"@id":"https:\/\/www.movingexcellence.eu\/et\/#organization"},"potentialAction":[{"@type":"SearchAction","target":{"@type":"EntryPoint","urlTemplate":"https:\/\/www.movingexcellence.eu\/et\/?s={search_term_string}"},"query-input":{"@type":"PropertyValueSpecification","valueRequired":true,"valueName":"search_term_string"}}],"inLanguage":"et"},{"@type":"Organization","@id":"https:\/\/www.movingexcellence.eu\/et\/#organization","name":"Movingexcellence","url":"https:\/\/www.movingexcellence.eu\/et\/","logo":{"@type":"ImageObject","inLanguage":"et","@id":"https:\/\/www.movingexcellence.eu\/et\/#\/schema\/logo\/image\/","url":"https:\/\/movingexcellence.eu\/wp-content\/uploads\/2020\/09\/logo-free-img.png","contentUrl":"https:\/\/movingexcellence.eu\/wp-content\/uploads\/2020\/09\/logo-free-img.png","width":180,"height":60,"caption":"Movingexcellence"},"image":{"@id":"https:\/\/www.movingexcellence.eu\/et\/#\/schema\/logo\/image\/"}}]}},"uagb_featured_image_src":{"full":false,"thumbnail":false,"medium":false,"medium_large":false,"large":false,"1536x1536":false,"2048x2048":false,"woocommerce_thumbnail":false,"woocommerce_single":false,"woocommerce_gallery_thumbnail":false},"uagb_author_info":{"display_name":"Ingmar Orav","author_link":"https:\/\/movingexcellence.eu\/et\/author\/ingmar\/"},"uagb_comment_info":0,"uagb_excerpt":"Movingexcellence E-Pood (edaspidi Veebipood) omanik on Movingexcellence O\u00dc (registrikood 16924077) asukohaga Vilde tee 102-81, Tallinn 12915. Veebipoe asukoha aadressilt kaupa ei v\u00e4ljastata. M\u00fc\u00fcgilepingu kehtivus, kauba- ja hinnainfo M\u00fc\u00fcgitingimused kehtivad Veebipoest joogatunni broneerimisel, kus hinnad on m\u00e4rgitud broneeringute juurde. Tellimuse vormistamine Joogatunni broneerimiseks tuleb lisada soovitud tund ostukorvi. T\u00e4ida tellimuse vormistamiseks n\u00f5utud andmev\u00e4ljad. Seej\u00e4rel kuvatakse ekraanile&hellip;","_links":{"self":[{"href":"https:\/\/movingexcellence.eu\/et\/wp-json\/wp\/v2\/pages\/1623","targetHints":{"allow":["GET"]}}],"collection":[{"href":"https:\/\/movingexcellence.eu\/et\/wp-json\/wp\/v2\/pages"}],"about":[{"href":"https:\/\/movingexcellence.eu\/et\/wp-json\/wp\/v2\/types\/page"}],"author":[{"embeddable":true,"href":"https:\/\/movingexcellence.eu\/et\/wp-json\/wp\/v2\/users\/2"}],"replies":[{"embeddable":true,"href":"https:\/\/movingexcellence.eu\/et\/wp-json\/wp\/v2\/comments?post=1623"}],"version-history":[{"count":5,"href":"https:\/\/movingexcellence.eu\/et\/wp-json\/wp\/v2\/pages\/1623\/revisions"}],"predecessor-version":[{"id":1660,"href":"https:\/\/movingexcellence.eu\/et\/wp-json\/wp\/v2\/pages\/1623\/revisions\/1660"}],"wp:attachment":[{"href":"https:\/\/movingexcellence.eu\/et\/wp-json\/wp\/v2\/media?parent=1623"}],"curies":[{"name":"wp","href":"https:\/\/api.w.org\/{rel}","templated":true}]}}